{"id":999414482,"date":"2020-08-26T10:08:33","date_gmt":"2020-08-26T10:08:33","guid":{"rendered":"https:\/\/bettingbet.win\/?page_id=999414482"},"modified":"2020-09-15T18:19:40","modified_gmt":"2020-09-15T18:19:40","slug":"senegal","status":"publish","type":"page","link":"https:\/\/bettingbet.win\/fr\/paris-sportif\/senegal\/","title":{"rendered":"S\u00e9n\u00e9gal"},"content":{"rendered":"","protected":false},"excerpt":{"rendered":"","protected":false},"author":1,"featured_media":999426577,"parent":999410514,"menu_order":0,"comment_status":"closed","ping_status":"closed","template":"country.php","meta":{"_acf_changed":false,"_yoast_wpseo_title":"Paris sportif S\u00e9n\u00e9gal \u21d2 Meilleur bookmakers - Sites paris sportif S\u00e9n\u00e9gal sur Bettingbet","_yoast_wpseo_metadesc":"Meilleurs sites de paris au S\u00e9n\u00e9gal \u2705 Liste des meilleurs bookmakers \u2714\ufe0f Obtenez des bonus exclusifs, des promotions et des applications mobiles \u261b sur Bettingbet \u22d9","_aioseop_title":"","_aioseop_description":"","footnotes":""},"class_list":["post-999414482","page","type-page","status-publish","has-post-thumbnail","hentry"],"acf":[],"yoast_head":"<!-- This site is optimized with the Yoast SEO plugin v26.4 - https:\/\/yoast.com\/wordpress\/plugins\/seo\/ -->\n<title>Paris sportif S\u00e9n\u00e9gal \u21d2 Meilleur bookmakers - Sites paris sportif S\u00e9n\u00e9gal sur Bettingbet<\/title>\n<meta name=\"description\" content=\"Meilleurs sites de paris au S\u00e9n\u00e9gal \u2705 Liste des meilleurs bookmakers \u2714\ufe0f Obtenez des bonus exclusifs, des promotions et des applications mobiles \u261b sur Bettingbet \u22d9\" \/>\n<meta name=\"robots\" content=\"index, follow, max-snippet:-1, max-image-preview:large, max-video-preview:-1\" \/>\n<link rel=\"canonical\" href=\"https:\/\/bettingbet.win\/fr\/paris-sportif\/senegal\/\" \/>\n<meta property=\"og:locale\" content=\"fr_FR\" \/>\n<meta property=\"og:type\" content=\"article\" \/>\n<meta property=\"og:title\" content=\"Paris sportif S\u00e9n\u00e9gal \u21d2 Meilleur bookmakers - Sites paris sportif S\u00e9n\u00e9gal sur Bettingbet\" \/>\n<meta property=\"og:description\" content=\"Meilleurs sites de paris au S\u00e9n\u00e9gal \u2705 Liste des meilleurs bookmakers \u2714\ufe0f Obtenez des bonus exclusifs, des promotions et des applications mobiles \u261b sur Bettingbet \u22d9\" \/>\n<meta property=\"og:url\" content=\"https:\/\/bettingbet.win\/fr\/paris-sportif\/senegal\/\" \/>\n<meta property=\"og:site_name\" content=\"Bettingbet.win\" \/>\n<meta property=\"article:modified_time\" content=\"2020-09-15T18:19:40+00:00\" \/>\n<meta property=\"og:image\" content=\"https:\/\/bettingbet.win\/wp-content\/uploads\/2020\/09\/senegal-1.jpg\" \/>\n\t<meta property=\"og:image:width\" content=\"1300\" \/>\n\t<meta property=\"og:image:height\" content=\"588\" \/>\n\t<meta property=\"og:image:type\" content=\"image\/jpeg\" \/>\n<meta name=\"twitter:card\" content=\"summary_large_image\" \/>\n<script type=\"application\/ld+json\" class=\"yoast-schema-graph\">{\"@context\":\"https:\/\/schema.org\",\"@graph\":[{\"@type\":\"WebPage\",\"@id\":\"https:\/\/bettingbet.win\/fr\/paris-sportif\/senegal\/\",\"url\":\"https:\/\/bettingbet.win\/fr\/paris-sportif\/senegal\/\",\"name\":\"Paris sportif S\u00e9n\u00e9gal \u21d2 Meilleur bookmakers - Sites paris sportif S\u00e9n\u00e9gal sur Bettingbet\",\"isPartOf\":{\"@id\":\"https:\/\/bettingbet.win\/fr\/#website\"},\"primaryImageOfPage\":{\"@id\":\"https:\/\/bettingbet.win\/fr\/paris-sportif\/senegal\/#primaryimage\"},\"image\":{\"@id\":\"https:\/\/bettingbet.win\/fr\/paris-sportif\/senegal\/#primaryimage\"},\"thumbnailUrl\":\"https:\/\/bettingbet.win\/wp-content\/uploads\/2020\/09\/senegal-1.jpg\",\"datePublished\":\"2020-08-26T10:08:33+00:00\",\"dateModified\":\"2020-09-15T18:19:40+00:00\",\"description\":\"Meilleurs sites de paris au S\u00e9n\u00e9gal \u2705 Liste des meilleurs bookmakers \u2714\ufe0f Obtenez des bonus exclusifs, des promotions et des applications mobiles \u261b sur Bettingbet \u22d9\",\"breadcrumb\":{\"@id\":\"https:\/\/bettingbet.win\/fr\/paris-sportif\/senegal\/#breadcrumb\"},\"inLanguage\":\"fr-FR\",\"potentialAction\":[{\"@type\":\"ReadAction\",\"target\":[\"https:\/\/bettingbet.win\/fr\/paris-sportif\/senegal\/\"]}]},{\"@type\":\"ImageObject\",\"inLanguage\":\"fr-FR\",\"@id\":\"https:\/\/bettingbet.win\/fr\/paris-sportif\/senegal\/#primaryimage\",\"url\":\"https:\/\/bettingbet.win\/wp-content\/uploads\/2020\/09\/senegal-1.jpg\",\"contentUrl\":\"https:\/\/bettingbet.win\/wp-content\/uploads\/2020\/09\/senegal-1.jpg\",\"width\":1300,\"height\":588},{\"@type\":\"BreadcrumbList\",\"@id\":\"https:\/\/bettingbet.win\/fr\/paris-sportif\/senegal\/#breadcrumb\",\"itemListElement\":[{\"@type\":\"ListItem\",\"position\":1,\"name\":\"Bettingbet\",\"item\":\"https:\/\/bettingbet.win\/fr\/\"},{\"@type\":\"ListItem\",\"position\":2,\"name\":\"Paris sportif\",\"item\":\"https:\/\/bettingbet.win\/fr\/paris-sportif\/\"},{\"@type\":\"ListItem\",\"position\":3,\"name\":\"S\u00e9n\u00e9gal\"}]},{\"@type\":\"WebSite\",\"@id\":\"https:\/\/bettingbet.win\/fr\/#website\",\"url\":\"https:\/\/bettingbet.win\/fr\/\",\"name\":\"Bettingbet.win\",\"description\":\"\",\"potentialAction\":[{\"@type\":\"SearchAction\",\"target\":{\"@type\":\"EntryPoint\",\"urlTemplate\":\"https:\/\/bettingbet.win\/fr\/?s={search_term_string}\"},\"query-input\":{\"@type\":\"PropertyValueSpecification\",\"valueRequired\":true,\"valueName\":\"search_term_string\"}}],\"inLanguage\":\"fr-FR\"}]}<\/script>\n<!-- \/ Yoast SEO plugin. -->","yoast_head_json":{"title":"Paris sportif S\u00e9n\u00e9gal \u21d2 Meilleur bookmakers - Sites paris sportif S\u00e9n\u00e9gal sur Bettingbet","description":"Meilleurs sites de paris au S\u00e9n\u00e9gal \u2705 Liste des meilleurs bookmakers \u2714\ufe0f Obtenez des bonus exclusifs, des promotions et des applications mobiles \u261b sur Bettingbet \u22d9","robots":{"index":"index","follow":"follow","max-snippet":"max-snippet:-1","max-image-preview":"max-image-preview:large","max-video-preview":"max-video-preview:-1"},"canonical":"https:\/\/bettingbet.win\/fr\/paris-sportif\/senegal\/","og_locale":"fr_FR","og_type":"article","og_title":"Paris sportif S\u00e9n\u00e9gal \u21d2 Meilleur bookmakers - Sites paris sportif S\u00e9n\u00e9gal sur Bettingbet","og_description":"Meilleurs sites de paris au S\u00e9n\u00e9gal \u2705 Liste des meilleurs bookmakers \u2714\ufe0f Obtenez des bonus exclusifs, des promotions et des applications mobiles \u261b sur Bettingbet \u22d9","og_url":"https:\/\/bettingbet.win\/fr\/paris-sportif\/senegal\/","og_site_name":"Bettingbet.win","article_modified_time":"2020-09-15T18:19:40+00:00","og_image":[{"width":1300,"height":588,"url":"https:\/\/bettingbet.win\/wp-content\/uploads\/2020\/09\/senegal-1.jpg","type":"image\/jpeg"}],"twitter_card":"summary_large_image","schema":{"@context":"https:\/\/schema.org","@graph":[{"@type":"WebPage","@id":"https:\/\/bettingbet.win\/fr\/paris-sportif\/senegal\/","url":"https:\/\/bettingbet.win\/fr\/paris-sportif\/senegal\/","name":"Paris sportif S\u00e9n\u00e9gal \u21d2 Meilleur bookmakers - Sites paris sportif S\u00e9n\u00e9gal sur Bettingbet","isPartOf":{"@id":"https:\/\/bettingbet.win\/fr\/#website"},"primaryImageOfPage":{"@id":"https:\/\/bettingbet.win\/fr\/paris-sportif\/senegal\/#primaryimage"},"image":{"@id":"https:\/\/bettingbet.win\/fr\/paris-sportif\/senegal\/#primaryimage"},"thumbnailUrl":"https:\/\/bettingbet.win\/wp-content\/uploads\/2020\/09\/senegal-1.jpg","datePublished":"2020-08-26T10:08:33+00:00","dateModified":"2020-09-15T18:19:40+00:00","description":"Meilleurs sites de paris au S\u00e9n\u00e9gal \u2705 Liste des meilleurs bookmakers \u2714\ufe0f Obtenez des bonus exclusifs, des promotions et des applications mobiles \u261b sur Bettingbet \u22d9","breadcrumb":{"@id":"https:\/\/bettingbet.win\/fr\/paris-sportif\/senegal\/#breadcrumb"},"inLanguage":"fr-FR","potentialAction":[{"@type":"ReadAction","target":["https:\/\/bettingbet.win\/fr\/paris-sportif\/senegal\/"]}]},{"@type":"ImageObject","inLanguage":"fr-FR","@id":"https:\/\/bettingbet.win\/fr\/paris-sportif\/senegal\/#primaryimage","url":"https:\/\/bettingbet.win\/wp-content\/uploads\/2020\/09\/senegal-1.jpg","contentUrl":"https:\/\/bettingbet.win\/wp-content\/uploads\/2020\/09\/senegal-1.jpg","width":1300,"height":588},{"@type":"BreadcrumbList","@id":"https:\/\/bettingbet.win\/fr\/paris-sportif\/senegal\/#breadcrumb","itemListElement":[{"@type":"ListItem","position":1,"name":"Bettingbet","item":"https:\/\/bettingbet.win\/fr\/"},{"@type":"ListItem","position":2,"name":"Paris sportif","item":"https:\/\/bettingbet.win\/fr\/paris-sportif\/"},{"@type":"ListItem","position":3,"name":"S\u00e9n\u00e9gal"}]},{"@type":"WebSite","@id":"https:\/\/bettingbet.win\/fr\/#website","url":"https:\/\/bettingbet.win\/fr\/","name":"Bettingbet.win","description":"","potentialAction":[{"@type":"SearchAction","target":{"@type":"EntryPoint","urlTemplate":"https:\/\/bettingbet.win\/fr\/?s={search_term_string}"},"query-input":{"@type":"PropertyValueSpecification","valueRequired":true,"valueName":"search_term_string"}}],"inLanguage":"fr-FR"}]}},"_links":{"self":[{"href":"https:\/\/bettingbet.win\/fr\/wp-json\/wp\/v2\/pages\/999414482","targetHints":{"allow":["GET"]}}],"collection":[{"href":"https:\/\/bettingbet.win\/fr\/wp-json\/wp\/v2\/pages"}],"about":[{"href":"https:\/\/bettingbet.win\/fr\/wp-json\/wp\/v2\/types\/page"}],"author":[{"embeddable":true,"href":"https:\/\/bettingbet.win\/fr\/wp-json\/wp\/v2\/users\/1"}],"replies":[{"embeddable":true,"href":"https:\/\/bettingbet.win\/fr\/wp-json\/wp\/v2\/comments?post=999414482"}],"version-history":[{"count":4,"href":"https:\/\/bettingbet.win\/fr\/wp-json\/wp\/v2\/pages\/999414482\/revisions"}],"predecessor-version":[{"id":999426609,"href":"https:\/\/bettingbet.win\/fr\/wp-json\/wp\/v2\/pages\/999414482\/revisions\/999426609"}],"up":[{"embeddable":true,"href":"https:\/\/bettingbet.win\/fr\/wp-json\/wp\/v2\/pages\/999410514"}],"wp:featuredmedia":[{"embeddable":true,"href":"https:\/\/bettingbet.win\/fr\/wp-json\/wp\/v2\/media\/999426577"}],"wp:attachment":[{"href":"https:\/\/bettingbet.win\/fr\/wp-json\/wp\/v2\/media?parent=999414482"}],"curies":[{"name":"wp","href":"https:\/\/api.w.org\/{rel}","templated":true}]}}