{"id":999410396,"date":"2020-08-21T17:07:44","date_gmt":"2020-08-21T17:07:44","guid":{"rendered":"https:\/\/bettingbet.win\/?page_id=999410396"},"modified":"2020-08-21T17:07:44","modified_gmt":"2020-08-21T17:07:44","slug":"a-propos-de-nous","status":"publish","type":"page","link":"https:\/\/bettingbet.win\/fr\/a-propos-de-nous\/","title":{"rendered":"\u00c0 propos de nous"},"content":{"rendered":"<h2>Qui Sommes-Nous ?<\/h2>\n<p>Le paris en ligne est un march\u00e9 en pleine expansion avec des millions de clients, une comp\u00e9tition accrue, et des milliers de bookmakers pr\u00eats \u00e0 offrir leurs services aux joueurs du monde entier. Trouver le meilleur site pour faire votre premier pari n\u2019est pas une d\u00e9cision facile. Bon, c\u2019est pour cette raison en particulier que nous avons cr\u00e9\u00e9 ce site web. Notre mission est d\u2019offrir \u00e0 nos utilisateurs une vision g\u00e9n\u00e9rale de l\u2019industrie du pari moderne, les informations les plus pertinentes sur les bookmakers, et les meilleures offres relatives aux jeux de hasard.<\/p>\n<p>Notre \u00e9quipe de parieurs exp\u00e9riment\u00e9s suivent une proc\u00e9dure de recherche rigoureuse pour identifier les bookmakers les plus fiables et s\u00e9curis\u00e9s de l\u2019industrie du pari. Le but de notre entreprise est de fournir aux lecteurs les donn\u00e9es les plus pertinentes et pr\u00e9cises relatives aux bookmakers tout en \u00e9valuant chaque pari et promotion qu\u2019ils offrent.<\/p>\n<h2>\u00c9valuations du Bookmaker<\/h2>\n<p>En prenant compte de la taille et la grandeur de l\u2019industrie des paris sportifs, il est, en effet, assez difficile de comparer les candidats et de d\u00e9terminer le meilleur bookmaker par vous-m\u00eame. C\u2019est pour cette raison que nous avons cr\u00e9\u00e9 une section ind\u00e9pendante pr\u00e9sentant les \u00e9valuations et avis sur les sites de pari. Vous pourrez y trouver une comparaison des bookmakers populaires ainsi que des \u00e9valuations d\u00e9taill\u00e9es de chaque site de jeux.<\/p>\n<p>Pourquoi notre opinion est fiable\u00a0? Bon, toutes nos \u00e9valuations relatives aux sites de paris sont bas\u00e9es sur une exp\u00e9rience personnelle et les consultations des experts et professionnels. Nous collectons les donn\u00e9es constituant nos classements de plusieurs sources et basons notre verdict final sur des facteurs multiples et ind\u00e9pendants. Si un site est class\u00e9 parmi les meilleurs bookmakers par notre \u00e9quipe, il m\u00e9rite certainement votre attention\u00a0!<\/p>\n<h2>Les Meilleures Offres, Bonus et Codes Promotionnels<\/h2>\n<p>Vous ne savez pas comment r\u00e9clamer votre bonus d\u2019inscription sur le site du pari, ou o\u00f9 trouver les promotions les plus rentables ? Assurez-vous de visiter notre page des meilleures offres des bookmakers en ligne ! Les d\u00e9tails relatifs aux offres de paris sont r\u00e9guli\u00e8rement mis \u00e0 jour pour \u00eatre certains que les informations que nous fournissons soient pr\u00e9cises et \u00e0 jour.<\/p>\n<p>Les offres exclusives et les bonus d\u2019inscription sp\u00e9ciaux ne sont pas les seuls d\u00e9tails que nous pr\u00e9sentons dans la section des bonus de paris. Tous les codes promotionnels relatifs aux paris sportifs comportent certaines limites et conditions d\u2019utilisation, qui peuvent \u00eatre examin\u00e9es de mani\u00e8re d\u00e9taill\u00e9e.<\/p>\n<h2>Parier sur Les Appareils Mobiles<\/h2>\n<p>Vous vous demandez pourquoi certaines applications de bookmakers ne sont pas pr\u00e9sentes sur le Play Market\u00a0? Ou voulez-vous \u00eatre r\u00e9guli\u00e8rement inform\u00e9s des options de paris mobiles les plus ad\u00e9quates sur smartphone et tablettes\u00a0? Visitez notre section sur les paris mobiles\u00a0! Ici, nous expliquerons comment les proc\u00e9dures d\u2019inscription mobile diff\u00e8rent de celles sur les navigateurs sur PC et mobile, \u00e9valuerons la s\u00e9curit\u00e9 du t\u00e9l\u00e9chargement gratuit en dehors des boutiques officielles, et nous allons explorer pourquoi la majorit\u00e9 des recherches relatives aux \u00ab\u00a0applications Android\u00a0\u00bb r\u00e9sultent en un \u00e9chec. Les utilisateurs de IOS et iPad trouveront aussi quelque chose d\u2019int\u00e9ressant par ici, puisque la majorit\u00e9 des applications iPhone ne fournissent pas les fonctionnalit\u00e9s compl\u00e8tes et identiques \u00e0 celles du site bureau de la m\u00eame entreprise.<\/p>\n<h2>Comment S\u2019inscrire sur les Bookmakers\u00a0?<\/h2>\n<p>Cette section contient un guide d\u00e9taill\u00e9 des proc\u00e9dures standard d\u2019inscription et de connexion sur la majorit\u00e9 des sites de paris sur le sport. Nous allons aussi concentrer notre attention sur les bonus que les joueurs peuvent recevoir apr\u00e8s l\u2019inscription et fournir des instructions relatives aux premiers paris pour chaque bookmaker choisi. Cette page contient des informations pr\u00e9cieuses relatives aux voies d\u2019acc\u00e8s \u00e0 un site web bloqu\u00e9 dans votre r\u00e9gion et les moyens possibles pour contourner les restrictions. Vous cherchez un lien pour un site web \u00ab\u00a0miroir\u00a0\u00bb qui fonctionne ou avez besoin de participer \u00e0 un \u00e9v\u00e8nement en ligne non disponible dans votre pays\u00a0? N\u2019h\u00e9sitez pas \u00e0 cliquer sur cette page\u00a0!<\/p>\n<h2>Vous Avez D\u2019autres Questions\u00a0?<\/h2>\n<p>Si vous souhaitez contacter notre \u00e9quipe d\u2019assistance, pri\u00e8re de le faire via mail. Nous aurons plaisir \u00e0 r\u00e9pondre \u00e0 vos questions et vous assistez dans la r\u00e9solution des probl\u00e8mes. Notre d\u00e9partement d\u2019assistance \u00e0 la client\u00e8le \u00e9value soigneusement toutes les requ\u00eates dans la bo\u00eete mail, vous pouvez donc \u00eatre s\u00fbrs de recevoir une r\u00e9ponse \u00e0 votre message peu de temps apr\u00e8s sa r\u00e9ception.<\/p>\n","protected":false},"excerpt":{"rendered":"<p>Qui Sommes-Nous ? Le paris en ligne est un march\u00e9 [&hellip;]<\/p>\n","protected":false},"author":1,"featured_media":0,"parent":0,"menu_order":0,"comment_status":"closed","ping_status":"closed","template":"","meta":{"_acf_changed":false,"_yoast_wpseo_title":"Bettingbet - \u00c0 propos de nous","_yoast_wpseo_metadesc":"Informations sur la soci\u00e9t\u00e9 Bettingbet. En savoir plus sur les objectifs de l'\u00e9quipe sur ce site.","_aioseop_title":"","_aioseop_description":"","footnotes":""},"class_list":["post-999410396","page","type-page","status-publish","hentry"],"acf":[],"yoast_head":"<!-- This site is optimized with the Yoast SEO plugin v26.4 - https:\/\/yoast.com\/wordpress\/plugins\/seo\/ -->\n<title>Bettingbet - \u00c0 propos de nous<\/title>\n<meta name=\"description\" content=\"Informations sur la soci\u00e9t\u00e9 Bettingbet. En savoir plus sur les objectifs de l&#039;\u00e9quipe sur ce site.\" \/>\n<meta name=\"robots\" content=\"index, follow, max-snippet:-1, max-image-preview:large, max-video-preview:-1\" \/>\n<link rel=\"canonical\" href=\"https:\/\/bettingbet.win\/fr\/a-propos-de-nous\/\" \/>\n<meta property=\"og:locale\" content=\"fr_FR\" \/>\n<meta property=\"og:type\" content=\"article\" \/>\n<meta property=\"og:title\" content=\"Bettingbet - \u00c0 propos de nous\" \/>\n<meta property=\"og:description\" content=\"Informations sur la soci\u00e9t\u00e9 Bettingbet. En savoir plus sur les objectifs de l&#039;\u00e9quipe sur ce site.\" \/>\n<meta property=\"og:url\" content=\"https:\/\/bettingbet.win\/fr\/a-propos-de-nous\/\" \/>\n<meta property=\"og:site_name\" content=\"Bettingbet.win\" \/>\n<meta name=\"twitter:card\" content=\"summary_large_image\" \/>\n<meta name=\"twitter:label1\" content=\"Dur\u00e9e de lecture estim\u00e9e\" \/>\n\t<meta name=\"twitter:data1\" content=\"4 minutes\" \/>\n<script type=\"application\/ld+json\" class=\"yoast-schema-graph\">{\"@context\":\"https:\/\/schema.org\",\"@graph\":[{\"@type\":\"WebPage\",\"@id\":\"https:\/\/bettingbet.win\/fr\/a-propos-de-nous\/\",\"url\":\"https:\/\/bettingbet.win\/fr\/a-propos-de-nous\/\",\"name\":\"Bettingbet - \u00c0 propos de nous\",\"isPartOf\":{\"@id\":\"https:\/\/bettingbet.win\/fr\/#website\"},\"datePublished\":\"2020-08-21T17:07:44+00:00\",\"description\":\"Informations sur la soci\u00e9t\u00e9 Bettingbet. En savoir plus sur les objectifs de l'\u00e9quipe sur ce site.\",\"breadcrumb\":{\"@id\":\"https:\/\/bettingbet.win\/fr\/a-propos-de-nous\/#breadcrumb\"},\"inLanguage\":\"fr-FR\",\"potentialAction\":[{\"@type\":\"ReadAction\",\"target\":[\"https:\/\/bettingbet.win\/fr\/a-propos-de-nous\/\"]}]},{\"@type\":\"BreadcrumbList\",\"@id\":\"https:\/\/bettingbet.win\/fr\/a-propos-de-nous\/#breadcrumb\",\"itemListElement\":[{\"@type\":\"ListItem\",\"position\":1,\"name\":\"Bettingbet\",\"item\":\"https:\/\/bettingbet.win\/fr\/\"},{\"@type\":\"ListItem\",\"position\":2,\"name\":\"\u00c0 propos de nous\"}]},{\"@type\":\"WebSite\",\"@id\":\"https:\/\/bettingbet.win\/fr\/#website\",\"url\":\"https:\/\/bettingbet.win\/fr\/\",\"name\":\"Bettingbet.win\",\"description\":\"\",\"potentialAction\":[{\"@type\":\"SearchAction\",\"target\":{\"@type\":\"EntryPoint\",\"urlTemplate\":\"https:\/\/bettingbet.win\/fr\/?s={search_term_string}\"},\"query-input\":{\"@type\":\"PropertyValueSpecification\",\"valueRequired\":true,\"valueName\":\"search_term_string\"}}],\"inLanguage\":\"fr-FR\"}]}<\/script>\n<!-- \/ Yoast SEO plugin. -->","yoast_head_json":{"title":"Bettingbet - \u00c0 propos de nous","description":"Informations sur la soci\u00e9t\u00e9 Bettingbet. En savoir plus sur les objectifs de l'\u00e9quipe sur ce site.","robots":{"index":"index","follow":"follow","max-snippet":"max-snippet:-1","max-image-preview":"max-image-preview:large","max-video-preview":"max-video-preview:-1"},"canonical":"https:\/\/bettingbet.win\/fr\/a-propos-de-nous\/","og_locale":"fr_FR","og_type":"article","og_title":"Bettingbet - \u00c0 propos de nous","og_description":"Informations sur la soci\u00e9t\u00e9 Bettingbet. En savoir plus sur les objectifs de l'\u00e9quipe sur ce site.","og_url":"https:\/\/bettingbet.win\/fr\/a-propos-de-nous\/","og_site_name":"Bettingbet.win","twitter_card":"summary_large_image","twitter_misc":{"Dur\u00e9e de lecture estim\u00e9e":"4 minutes"},"schema":{"@context":"https:\/\/schema.org","@graph":[{"@type":"WebPage","@id":"https:\/\/bettingbet.win\/fr\/a-propos-de-nous\/","url":"https:\/\/bettingbet.win\/fr\/a-propos-de-nous\/","name":"Bettingbet - \u00c0 propos de nous","isPartOf":{"@id":"https:\/\/bettingbet.win\/fr\/#website"},"datePublished":"2020-08-21T17:07:44+00:00","description":"Informations sur la soci\u00e9t\u00e9 Bettingbet. En savoir plus sur les objectifs de l'\u00e9quipe sur ce site.","breadcrumb":{"@id":"https:\/\/bettingbet.win\/fr\/a-propos-de-nous\/#breadcrumb"},"inLanguage":"fr-FR","potentialAction":[{"@type":"ReadAction","target":["https:\/\/bettingbet.win\/fr\/a-propos-de-nous\/"]}]},{"@type":"BreadcrumbList","@id":"https:\/\/bettingbet.win\/fr\/a-propos-de-nous\/#breadcrumb","itemListElement":[{"@type":"ListItem","position":1,"name":"Bettingbet","item":"https:\/\/bettingbet.win\/fr\/"},{"@type":"ListItem","position":2,"name":"\u00c0 propos de nous"}]},{"@type":"WebSite","@id":"https:\/\/bettingbet.win\/fr\/#website","url":"https:\/\/bettingbet.win\/fr\/","name":"Bettingbet.win","description":"","potentialAction":[{"@type":"SearchAction","target":{"@type":"EntryPoint","urlTemplate":"https:\/\/bettingbet.win\/fr\/?s={search_term_string}"},"query-input":{"@type":"PropertyValueSpecification","valueRequired":true,"valueName":"search_term_string"}}],"inLanguage":"fr-FR"}]}},"_links":{"self":[{"href":"https:\/\/bettingbet.win\/fr\/wp-json\/wp\/v2\/pages\/999410396","targetHints":{"allow":["GET"]}}],"collection":[{"href":"https:\/\/bettingbet.win\/fr\/wp-json\/wp\/v2\/pages"}],"about":[{"href":"https:\/\/bettingbet.win\/fr\/wp-json\/wp\/v2\/types\/page"}],"author":[{"embeddable":true,"href":"https:\/\/bettingbet.win\/fr\/wp-json\/wp\/v2\/users\/1"}],"replies":[{"embeddable":true,"href":"https:\/\/bettingbet.win\/fr\/wp-json\/wp\/v2\/comments?post=999410396"}],"version-history":[{"count":0,"href":"https:\/\/bettingbet.win\/fr\/wp-json\/wp\/v2\/pages\/999410396\/revisions"}],"wp:attachment":[{"href":"https:\/\/bettingbet.win\/fr\/wp-json\/wp\/v2\/media?parent=999410396"}],"curies":[{"name":"wp","href":"https:\/\/api.w.org\/{rel}","templated":true}]}}