{"id":999410392,"date":"2020-08-21T17:04:06","date_gmt":"2020-08-21T17:04:06","guid":{"rendered":"https:\/\/bettingbet.win\/?page_id=999410392"},"modified":"2020-08-21T17:04:27","modified_gmt":"2020-08-21T17:04:27","slug":"conditions-dutilisation","status":"publish","type":"page","link":"https:\/\/bettingbet.win\/fr\/conditions-dutilisation\/","title":{"rendered":"Conditions d\u2019Utilisation"},"content":{"rendered":"<h2>Conditions G\u00e9n\u00e9rales<\/h2>\n<p>Ces termes et conditions couvrent les principes g\u00e9n\u00e9raux de notre travail. Nous ne pouvons pas \u00eatre retenus responsables en cas de violation des termes \u00e9voqu\u00e9s ci-dessus par les utilisateurs ou les sites web tiers qui \u00e9chappent \u00e0 notre contr\u00f4le raisonnable. Si vous n\u2019\u00eates pas d\u2019accord avec ces termes et conditions ou ne pouvez pas accepter certaines r\u00e9gulations, nous ne pourrons en aucun cas collaborer.<\/p>\n<h2>Restrictions<\/h2>\n<p>Les utilisateurs peuvent ne pas s\u2019engager dans des actions relatives au transfert de la propri\u00e9t\u00e9 intellectuelle du site web ou des donn\u00e9es personnelles d\u2019autres client \u00e0 des parties tierces. Les clients sont tenus compl\u00e8tement responsables de tous leurs efforts de violation des lois applicables. Toutes les actions qui causent des dommages directs ou indirects aux sites web ou son contenu seront consid\u00e9r\u00e9s comme une violation \u00e0 ces termes.<\/p>\n<h2>Copyrights<\/h2>\n<p>Toutes les publications, \u00e9valuations et tous les autres types de contenu sur ce site web sont prot\u00e9g\u00e9s par le droit d\u2019auteur. Ils appartiennent uniquement au site, et nous pouvons les modifier ou y restreindre l\u2019acc\u00e8s \u00e0 toute heure. Le contenu de ce site ne peut pas \u00eatre copi\u00e9 ou transf\u00e9r\u00e9 \u00e0 des parties tierces sans notre consentement. Le balayage, l\u2019enregistrement ou la reproduction de notre mat\u00e9riel est strictement interdit.<\/p>\n<h2>Limitations de la Responsabilit\u00e9<\/h2>\n<p>Nous ne sommes en aucun cas responsables des pertes que vous pouvez subir sur les sites de paris que vous visitez \u00e0 travers nos liens, puisque nous ne sommes pas pay\u00e9s pour \u00e9crire des avis. Nous ne pouvons pas garantir que le contenu sur ces sites soit exact et \u00e0 jour, et nous ne pouvons pas l\u2019influencer en aucun cas,<\/p>\n<h2>Disponibilit\u00e9 du Site Web<\/h2>\n<p>Nous essayons de garantir le fonctionnement du site par tous les moyens possibles mais nous ne pouvons pas garantir son fonctionnement durant les heures de maintenance \/ en relation avec les erreurs techniques, L\u2019acc\u00e8s au site peut \u00eatre limit\u00e9 \u00e0 cause de plusieurs facteurs.<\/p>\n<h2>Modification des Conditions d\u2019Utilisation<\/h2>\n<p>Nous avons le droit de changer ces termes et conditions \u00e0 tout moment. Le contenu du site et la fa\u00e7on par laquelle il est repr\u00e9sent\u00e9 sont aussi sujets \u00e0 modifications.<\/p>\n","protected":false},"excerpt":{"rendered":"<p>Conditions G\u00e9n\u00e9rales Ces termes et conditions couvrent les principes g\u00e9n\u00e9raux [&hellip;]<\/p>\n","protected":false},"author":1,"featured_media":0,"parent":0,"menu_order":0,"comment_status":"closed","ping_status":"closed","template":"","meta":{"_acf_changed":false,"_yoast_wpseo_title":"Bettingbet - Conditions d'utilisation","_yoast_wpseo_metadesc":"Conditions d'utilisation - Site Web de Bettingbet. Si vous utilisez cette ressource, vous acceptez automatiquement les conditions qui sont \u00e9crites sur cette page.","_aioseop_title":"","_aioseop_description":"","footnotes":""},"class_list":["post-999410392","page","type-page","status-publish","hentry"],"acf":[],"yoast_head":"<!-- This site is optimized with the Yoast SEO plugin v26.4 - https:\/\/yoast.com\/wordpress\/plugins\/seo\/ -->\n<title>Bettingbet - Conditions d&#039;utilisation<\/title>\n<meta name=\"description\" content=\"Conditions d&#039;utilisation - Site Web de Bettingbet. Si vous utilisez cette ressource, vous acceptez automatiquement les conditions qui sont \u00e9crites sur cette page.\" \/>\n<meta name=\"robots\" content=\"index, follow, max-snippet:-1, max-image-preview:large, max-video-preview:-1\" \/>\n<link rel=\"canonical\" href=\"https:\/\/bettingbet.win\/fr\/conditions-dutilisation\/\" \/>\n<meta property=\"og:locale\" content=\"fr_FR\" \/>\n<meta property=\"og:type\" content=\"article\" \/>\n<meta property=\"og:title\" content=\"Bettingbet - Conditions d&#039;utilisation\" \/>\n<meta property=\"og:description\" content=\"Conditions d&#039;utilisation - Site Web de Bettingbet. Si vous utilisez cette ressource, vous acceptez automatiquement les conditions qui sont \u00e9crites sur cette page.\" \/>\n<meta property=\"og:url\" content=\"https:\/\/bettingbet.win\/fr\/conditions-dutilisation\/\" \/>\n<meta property=\"og:site_name\" content=\"Bettingbet.win\" \/>\n<meta property=\"article:modified_time\" content=\"2020-08-21T17:04:27+00:00\" \/>\n<meta name=\"twitter:card\" content=\"summary_large_image\" \/>\n<meta name=\"twitter:label1\" content=\"Dur\u00e9e de lecture estim\u00e9e\" \/>\n\t<meta name=\"twitter:data1\" content=\"2 minutes\" \/>\n<script type=\"application\/ld+json\" class=\"yoast-schema-graph\">{\"@context\":\"https:\/\/schema.org\",\"@graph\":[{\"@type\":\"WebPage\",\"@id\":\"https:\/\/bettingbet.win\/fr\/conditions-dutilisation\/\",\"url\":\"https:\/\/bettingbet.win\/fr\/conditions-dutilisation\/\",\"name\":\"Bettingbet - Conditions d'utilisation\",\"isPartOf\":{\"@id\":\"https:\/\/bettingbet.win\/fr\/#website\"},\"datePublished\":\"2020-08-21T17:04:06+00:00\",\"dateModified\":\"2020-08-21T17:04:27+00:00\",\"description\":\"Conditions d'utilisation - Site Web de Bettingbet. Si vous utilisez cette ressource, vous acceptez automatiquement les conditions qui sont \u00e9crites sur cette page.\",\"breadcrumb\":{\"@id\":\"https:\/\/bettingbet.win\/fr\/conditions-dutilisation\/#breadcrumb\"},\"inLanguage\":\"fr-FR\",\"potentialAction\":[{\"@type\":\"ReadAction\",\"target\":[\"https:\/\/bettingbet.win\/fr\/conditions-dutilisation\/\"]}]},{\"@type\":\"BreadcrumbList\",\"@id\":\"https:\/\/bettingbet.win\/fr\/conditions-dutilisation\/#breadcrumb\",\"itemListElement\":[{\"@type\":\"ListItem\",\"position\":1,\"name\":\"Bettingbet\",\"item\":\"https:\/\/bettingbet.win\/fr\/\"},{\"@type\":\"ListItem\",\"position\":2,\"name\":\"Conditions d\u2019Utilisation\"}]},{\"@type\":\"WebSite\",\"@id\":\"https:\/\/bettingbet.win\/fr\/#website\",\"url\":\"https:\/\/bettingbet.win\/fr\/\",\"name\":\"Bettingbet.win\",\"description\":\"\",\"potentialAction\":[{\"@type\":\"SearchAction\",\"target\":{\"@type\":\"EntryPoint\",\"urlTemplate\":\"https:\/\/bettingbet.win\/fr\/?s={search_term_string}\"},\"query-input\":{\"@type\":\"PropertyValueSpecification\",\"valueRequired\":true,\"valueName\":\"search_term_string\"}}],\"inLanguage\":\"fr-FR\"}]}<\/script>\n<!-- \/ Yoast SEO plugin. -->","yoast_head_json":{"title":"Bettingbet - Conditions d'utilisation","description":"Conditions d'utilisation - Site Web de Bettingbet. Si vous utilisez cette ressource, vous acceptez automatiquement les conditions qui sont \u00e9crites sur cette page.","robots":{"index":"index","follow":"follow","max-snippet":"max-snippet:-1","max-image-preview":"max-image-preview:large","max-video-preview":"max-video-preview:-1"},"canonical":"https:\/\/bettingbet.win\/fr\/conditions-dutilisation\/","og_locale":"fr_FR","og_type":"article","og_title":"Bettingbet - Conditions d'utilisation","og_description":"Conditions d'utilisation - Site Web de Bettingbet. Si vous utilisez cette ressource, vous acceptez automatiquement les conditions qui sont \u00e9crites sur cette page.","og_url":"https:\/\/bettingbet.win\/fr\/conditions-dutilisation\/","og_site_name":"Bettingbet.win","article_modified_time":"2020-08-21T17:04:27+00:00","twitter_card":"summary_large_image","twitter_misc":{"Dur\u00e9e de lecture estim\u00e9e":"2 minutes"},"schema":{"@context":"https:\/\/schema.org","@graph":[{"@type":"WebPage","@id":"https:\/\/bettingbet.win\/fr\/conditions-dutilisation\/","url":"https:\/\/bettingbet.win\/fr\/conditions-dutilisation\/","name":"Bettingbet - Conditions d'utilisation","isPartOf":{"@id":"https:\/\/bettingbet.win\/fr\/#website"},"datePublished":"2020-08-21T17:04:06+00:00","dateModified":"2020-08-21T17:04:27+00:00","description":"Conditions d'utilisation - Site Web de Bettingbet. Si vous utilisez cette ressource, vous acceptez automatiquement les conditions qui sont \u00e9crites sur cette page.","breadcrumb":{"@id":"https:\/\/bettingbet.win\/fr\/conditions-dutilisation\/#breadcrumb"},"inLanguage":"fr-FR","potentialAction":[{"@type":"ReadAction","target":["https:\/\/bettingbet.win\/fr\/conditions-dutilisation\/"]}]},{"@type":"BreadcrumbList","@id":"https:\/\/bettingbet.win\/fr\/conditions-dutilisation\/#breadcrumb","itemListElement":[{"@type":"ListItem","position":1,"name":"Bettingbet","item":"https:\/\/bettingbet.win\/fr\/"},{"@type":"ListItem","position":2,"name":"Conditions d\u2019Utilisation"}]},{"@type":"WebSite","@id":"https:\/\/bettingbet.win\/fr\/#website","url":"https:\/\/bettingbet.win\/fr\/","name":"Bettingbet.win","description":"","potentialAction":[{"@type":"SearchAction","target":{"@type":"EntryPoint","urlTemplate":"https:\/\/bettingbet.win\/fr\/?s={search_term_string}"},"query-input":{"@type":"PropertyValueSpecification","valueRequired":true,"valueName":"search_term_string"}}],"inLanguage":"fr-FR"}]}},"_links":{"self":[{"href":"https:\/\/bettingbet.win\/fr\/wp-json\/wp\/v2\/pages\/999410392","targetHints":{"allow":["GET"]}}],"collection":[{"href":"https:\/\/bettingbet.win\/fr\/wp-json\/wp\/v2\/pages"}],"about":[{"href":"https:\/\/bettingbet.win\/fr\/wp-json\/wp\/v2\/types\/page"}],"author":[{"embeddable":true,"href":"https:\/\/bettingbet.win\/fr\/wp-json\/wp\/v2\/users\/1"}],"replies":[{"embeddable":true,"href":"https:\/\/bettingbet.win\/fr\/wp-json\/wp\/v2\/comments?post=999410392"}],"version-history":[{"count":0,"href":"https:\/\/bettingbet.win\/fr\/wp-json\/wp\/v2\/pages\/999410392\/revisions"}],"wp:attachment":[{"href":"https:\/\/bettingbet.win\/fr\/wp-json\/wp\/v2\/media?parent=999410392"}],"curies":[{"name":"wp","href":"https:\/\/api.w.org\/{rel}","templated":true}]}}