{"id":999410230,"date":"2020-08-20T17:46:04","date_gmt":"2020-08-20T17:46:04","guid":{"rendered":"https:\/\/bettingbet.win\/?page_id=999410230"},"modified":"2020-08-20T17:46:04","modified_gmt":"2020-08-20T17:46:04","slug":"contact","status":"publish","type":"page","link":"https:\/\/bettingbet.win\/fr\/contact\/","title":{"rendered":"Nous Contacter"},"content":{"rendered":"<p>Si vous souhaitez nous fournir un feed-back ou poser des questions, n\u2019h\u00e9sitez pas \u00e0 nous contacter et partager vos pr\u00e9occupations. Nous serons heureux d\u2019accepter votre aide et critiques pour am\u00e9liorer notre service (il existe gr\u00e2ce \u00e0 vous, apr\u00e8s tout). Assurez-vous de nous informer sur les probl\u00e8mes que vous remarquez sur notre site web et de nous sugg\u00e9rer des voies de d\u00e9veloppement futur pour am\u00e9liorer notre contenu.<\/p>\n<p>Si vous ressentez le besoin de partager vos exp\u00e9riences ou de demander des clarifications en rapport avec nos \u00e9valuations ou autres services, pri\u00e8re de nous rejoindre via mail. Notre \u00e9quipe d\u2019assistance est attentivement \u00e0 l\u2019\u00e9coute de toutes les opinions des clients et r\u00e9pondra \u00e0 toutes vos requ\u00eates relatives aux sites de paris ou aux autres services offerts par notre entreprise.<\/p>\n<p>Courriel de contact: contact@bettingbet.win<\/p>\n","protected":false},"excerpt":{"rendered":"<p>Si vous souhaitez nous fournir un feed-back ou poser des [&hellip;]<\/p>\n","protected":false},"author":1,"featured_media":0,"parent":0,"menu_order":0,"comment_status":"closed","ping_status":"closed","template":"","meta":{"_acf_changed":false,"_yoast_wpseo_title":"","_yoast_wpseo_metadesc":"","_aioseop_title":"","_aioseop_description":"","footnotes":""},"class_list":["post-999410230","page","type-page","status-publish","hentry"],"acf":[],"yoast_head":"<!-- This site is optimized with the Yoast SEO plugin v26.4 - https:\/\/yoast.com\/wordpress\/plugins\/seo\/ -->\n<title>Nous Contacter - Bettingbet.win<\/title>\n<meta name=\"robots\" content=\"index, follow, max-snippet:-1, max-image-preview:large, max-video-preview:-1\" \/>\n<link rel=\"canonical\" href=\"https:\/\/bettingbet.win\/fr\/contact\/\" \/>\n<meta property=\"og:locale\" content=\"fr_FR\" \/>\n<meta property=\"og:type\" content=\"article\" \/>\n<meta property=\"og:title\" content=\"Nous Contacter - Bettingbet.win\" \/>\n<meta property=\"og:description\" content=\"Si vous souhaitez nous fournir un feed-back ou poser des [&hellip;]\" \/>\n<meta property=\"og:url\" content=\"https:\/\/bettingbet.win\/fr\/contact\/\" \/>\n<meta property=\"og:site_name\" content=\"Bettingbet.win\" \/>\n<meta name=\"twitter:card\" content=\"summary_large_image\" \/>\n<meta name=\"twitter:label1\" content=\"Dur\u00e9e de lecture estim\u00e9e\" \/>\n\t<meta name=\"twitter:data1\" content=\"1 minute\" \/>\n<script type=\"application\/ld+json\" class=\"yoast-schema-graph\">{\"@context\":\"https:\/\/schema.org\",\"@graph\":[{\"@type\":\"WebPage\",\"@id\":\"https:\/\/bettingbet.win\/fr\/contact\/\",\"url\":\"https:\/\/bettingbet.win\/fr\/contact\/\",\"name\":\"Nous Contacter - Bettingbet.win\",\"isPartOf\":{\"@id\":\"https:\/\/bettingbet.win\/fr\/#website\"},\"datePublished\":\"2020-08-20T17:46:04+00:00\",\"breadcrumb\":{\"@id\":\"https:\/\/bettingbet.win\/fr\/contact\/#breadcrumb\"},\"inLanguage\":\"fr-FR\",\"potentialAction\":[{\"@type\":\"ReadAction\",\"target\":[\"https:\/\/bettingbet.win\/fr\/contact\/\"]}]},{\"@type\":\"BreadcrumbList\",\"@id\":\"https:\/\/bettingbet.win\/fr\/contact\/#breadcrumb\",\"itemListElement\":[{\"@type\":\"ListItem\",\"position\":1,\"name\":\"Bettingbet\",\"item\":\"https:\/\/bettingbet.win\/fr\/\"},{\"@type\":\"ListItem\",\"position\":2,\"name\":\"Nous Contacter\"}]},{\"@type\":\"WebSite\",\"@id\":\"https:\/\/bettingbet.win\/fr\/#website\",\"url\":\"https:\/\/bettingbet.win\/fr\/\",\"name\":\"Bettingbet.win\",\"description\":\"\",\"potentialAction\":[{\"@type\":\"SearchAction\",\"target\":{\"@type\":\"EntryPoint\",\"urlTemplate\":\"https:\/\/bettingbet.win\/fr\/?s={search_term_string}\"},\"query-input\":{\"@type\":\"PropertyValueSpecification\",\"valueRequired\":true,\"valueName\":\"search_term_string\"}}],\"inLanguage\":\"fr-FR\"}]}<\/script>\n<!-- \/ Yoast SEO plugin. -->","yoast_head_json":{"title":"Nous Contacter - Bettingbet.win","robots":{"index":"index","follow":"follow","max-snippet":"max-snippet:-1","max-image-preview":"max-image-preview:large","max-video-preview":"max-video-preview:-1"},"canonical":"https:\/\/bettingbet.win\/fr\/contact\/","og_locale":"fr_FR","og_type":"article","og_title":"Nous Contacter - Bettingbet.win","og_description":"Si vous souhaitez nous fournir un feed-back ou poser des [&hellip;]","og_url":"https:\/\/bettingbet.win\/fr\/contact\/","og_site_name":"Bettingbet.win","twitter_card":"summary_large_image","twitter_misc":{"Dur\u00e9e de lecture estim\u00e9e":"1 minute"},"schema":{"@context":"https:\/\/schema.org","@graph":[{"@type":"WebPage","@id":"https:\/\/bettingbet.win\/fr\/contact\/","url":"https:\/\/bettingbet.win\/fr\/contact\/","name":"Nous Contacter - Bettingbet.win","isPartOf":{"@id":"https:\/\/bettingbet.win\/fr\/#website"},"datePublished":"2020-08-20T17:46:04+00:00","breadcrumb":{"@id":"https:\/\/bettingbet.win\/fr\/contact\/#breadcrumb"},"inLanguage":"fr-FR","potentialAction":[{"@type":"ReadAction","target":["https:\/\/bettingbet.win\/fr\/contact\/"]}]},{"@type":"BreadcrumbList","@id":"https:\/\/bettingbet.win\/fr\/contact\/#breadcrumb","itemListElement":[{"@type":"ListItem","position":1,"name":"Bettingbet","item":"https:\/\/bettingbet.win\/fr\/"},{"@type":"ListItem","position":2,"name":"Nous Contacter"}]},{"@type":"WebSite","@id":"https:\/\/bettingbet.win\/fr\/#website","url":"https:\/\/bettingbet.win\/fr\/","name":"Bettingbet.win","description":"","potentialAction":[{"@type":"SearchAction","target":{"@type":"EntryPoint","urlTemplate":"https:\/\/bettingbet.win\/fr\/?s={search_term_string}"},"query-input":{"@type":"PropertyValueSpecification","valueRequired":true,"valueName":"search_term_string"}}],"inLanguage":"fr-FR"}]}},"_links":{"self":[{"href":"https:\/\/bettingbet.win\/fr\/wp-json\/wp\/v2\/pages\/999410230","targetHints":{"allow":["GET"]}}],"collection":[{"href":"https:\/\/bettingbet.win\/fr\/wp-json\/wp\/v2\/pages"}],"about":[{"href":"https:\/\/bettingbet.win\/fr\/wp-json\/wp\/v2\/types\/page"}],"author":[{"embeddable":true,"href":"https:\/\/bettingbet.win\/fr\/wp-json\/wp\/v2\/users\/1"}],"replies":[{"embeddable":true,"href":"https:\/\/bettingbet.win\/fr\/wp-json\/wp\/v2\/comments?post=999410230"}],"version-history":[{"count":1,"href":"https:\/\/bettingbet.win\/fr\/wp-json\/wp\/v2\/pages\/999410230\/revisions"}],"predecessor-version":[{"id":999410231,"href":"https:\/\/bettingbet.win\/fr\/wp-json\/wp\/v2\/pages\/999410230\/revisions\/999410231"}],"wp:attachment":[{"href":"https:\/\/bettingbet.win\/fr\/wp-json\/wp\/v2\/media?parent=999410230"}],"curies":[{"name":"wp","href":"https:\/\/api.w.org\/{rel}","templated":true}]}}